{"id":44,"date":"2020-08-19T13:56:57","date_gmt":"2020-08-19T13:56:57","guid":{"rendered":"http:\/\/obraswantuildefreitas.com.br\/?page_id=44"},"modified":"2024-05-14T22:25:25","modified_gmt":"2024-05-15T01:25:25","slug":"doacao","status":"publish","type":"page","link":"https:\/\/obraswantuildefreitas.com.br\/?page_id=44","title":{"rendered":"Como Ajudar?"},"content":{"rendered":"\n<p><\/p>\n\n\n\n<h1 class=\"wp-block-heading alignwide has-text-align-center\"><strong><span class=\"has-inline-color has-vivid-red-color\">Escolha uma forma de ajudar:<\/span><\/strong><\/h1>\n\n\n\n<p><\/p>\n\n\n\n<p><\/p>\n\n\n\n<h2 class=\"wp-block-heading alignwide has-text-align-center\">* <strong>Atrav\u00e9s de doa\u00e7\u00f5es por PIX<\/strong> :<\/h2>\n\n\n\n<figure class=\"wp-block-image size-large is-resized\"><img loading=\"lazy\" decoding=\"async\" width=\"1024\" height=\"105\" src=\"https:\/\/obraswantuildefreitas.com.br\/wp-content\/uploads\/2022\/01\/pix-2-1024x105.png\" alt=\"\" class=\"wp-image-196\" style=\"width:711px;height:73px\" srcset=\"https:\/\/obraswantuildefreitas.com.br\/wp-content\/uploads\/2022\/01\/pix-2-1024x105.png 1024w, https:\/\/obraswantuildefreitas.com.br\/wp-content\/uploads\/2022\/01\/pix-2-300x31.png 300w, https:\/\/obraswantuildefreitas.com.br\/wp-content\/uploads\/2022\/01\/pix-2-768x79.png 768w, https:\/\/obraswantuildefreitas.com.br\/wp-content\/uploads\/2022\/01\/pix-2-1536x157.png 1536w, https:\/\/obraswantuildefreitas.com.br\/wp-content\/uploads\/2022\/01\/pix-2-2048x210.png 2048w\" sizes=\"auto, (max-width: 1024px) 100vw, 1024px\" \/><\/figure>\n\n\n\n<h2 class=\"wp-block-heading\"><\/h2>\n\n\n\n<p><\/p>\n\n\n\n<h2 class=\"wp-block-heading alignwide has-text-align-center\">* <strong>Cadastrando nossa Entidade na Nota Fiscal Paulista para Doa\u00e7\u00e3o Autom\u00e1tica<\/strong>:<\/h2>\n\n\n\n<p class=\"has-text-align-center\">Sabia que voc\u00ea pode doar sua nota fiscal paulista e ajudar a manter nossas atividades assistenciais. <\/p>\n\n\n\n<p class=\"has-text-align-center\">\u00c9 s\u00f3 fazer o passo a passo e depois quando fizer compras pedir o seu CPF assim o credito da nota fiscal paulista ir\u00e1 diretamente para a nossa institui\u00e7\u00e3o. <\/p>\n\n\n\n<p class=\"has-text-align-center\">Nosso CNPJ \u00e9 71.731.459.0001\/03.<\/p>\n\n\n\n<figure class=\"wp-block-image size-large\"><img loading=\"lazy\" decoding=\"async\" width=\"1024\" height=\"509\" src=\"https:\/\/obraswantuildefreitas.com.br\/wp-content\/uploads\/2022\/01\/Nota-FIscal-Paulista-1-2-1024x509.png\" alt=\"\" class=\"wp-image-148\" srcset=\"https:\/\/obraswantuildefreitas.com.br\/wp-content\/uploads\/2022\/01\/Nota-FIscal-Paulista-1-2-1024x509.png 1024w, https:\/\/obraswantuildefreitas.com.br\/wp-content\/uploads\/2022\/01\/Nota-FIscal-Paulista-1-2-300x149.png 300w, https:\/\/obraswantuildefreitas.com.br\/wp-content\/uploads\/2022\/01\/Nota-FIscal-Paulista-1-2-768x382.png 768w, https:\/\/obraswantuildefreitas.com.br\/wp-content\/uploads\/2022\/01\/Nota-FIscal-Paulista-1-2-1536x764.png 1536w, https:\/\/obraswantuildefreitas.com.br\/wp-content\/uploads\/2022\/01\/Nota-FIscal-Paulista-1-2-2048x1018.png 2048w\" sizes=\"auto, (max-width: 1024px) 100vw, 1024px\" \/><\/figure>\n\n\n\n<figure class=\"wp-block-image size-large\"><img loading=\"lazy\" decoding=\"async\" width=\"1024\" height=\"514\" src=\"https:\/\/obraswantuildefreitas.com.br\/wp-content\/uploads\/2022\/01\/Nota-FIscal-Paulista-2-1-1024x514.png\" alt=\"\" class=\"wp-image-149\" srcset=\"https:\/\/obraswantuildefreitas.com.br\/wp-content\/uploads\/2022\/01\/Nota-FIscal-Paulista-2-1-1024x514.png 1024w, https:\/\/obraswantuildefreitas.com.br\/wp-content\/uploads\/2022\/01\/Nota-FIscal-Paulista-2-1-300x151.png 300w, https:\/\/obraswantuildefreitas.com.br\/wp-content\/uploads\/2022\/01\/Nota-FIscal-Paulista-2-1-768x385.png 768w, https:\/\/obraswantuildefreitas.com.br\/wp-content\/uploads\/2022\/01\/Nota-FIscal-Paulista-2-1-1536x771.png 1536w, https:\/\/obraswantuildefreitas.com.br\/wp-content\/uploads\/2022\/01\/Nota-FIscal-Paulista-2-1-2048x1028.png 2048w\" sizes=\"auto, (max-width: 1024px) 100vw, 1024px\" \/><\/figure>\n\n\n\n<figure class=\"wp-block-image size-large\"><img loading=\"lazy\" decoding=\"async\" width=\"1024\" height=\"503\" src=\"https:\/\/obraswantuildefreitas.com.br\/wp-content\/uploads\/2022\/01\/Nota-FIscal-Paulista-3-1024x503.png\" alt=\"\" class=\"wp-image-150\" srcset=\"https:\/\/obraswantuildefreitas.com.br\/wp-content\/uploads\/2022\/01\/Nota-FIscal-Paulista-3-1024x503.png 1024w, https:\/\/obraswantuildefreitas.com.br\/wp-content\/uploads\/2022\/01\/Nota-FIscal-Paulista-3-300x147.png 300w, https:\/\/obraswantuildefreitas.com.br\/wp-content\/uploads\/2022\/01\/Nota-FIscal-Paulista-3-768x377.png 768w, https:\/\/obraswantuildefreitas.com.br\/wp-content\/uploads\/2022\/01\/Nota-FIscal-Paulista-3-1536x755.png 1536w, https:\/\/obraswantuildefreitas.com.br\/wp-content\/uploads\/2022\/01\/Nota-FIscal-Paulista-3-2048x1007.png 2048w\" sizes=\"auto, (max-width: 1024px) 100vw, 1024px\" \/><\/figure>\n\n\n\n<figure class=\"wp-block-image size-large is-resized\"><img loading=\"lazy\" decoding=\"async\" width=\"1024\" height=\"1024\" src=\"https:\/\/obraswantuildefreitas.com.br\/wp-content\/uploads\/2022\/01\/Nota-FIscal-Paulista-4-1024x1024.png\" alt=\"\" class=\"wp-image-151\" style=\"width:601px;height:601px\" srcset=\"https:\/\/obraswantuildefreitas.com.br\/wp-content\/uploads\/2022\/01\/Nota-FIscal-Paulista-4-1024x1024.png 1024w, https:\/\/obraswantuildefreitas.com.br\/wp-content\/uploads\/2022\/01\/Nota-FIscal-Paulista-4-300x300.png 300w, https:\/\/obraswantuildefreitas.com.br\/wp-content\/uploads\/2022\/01\/Nota-FIscal-Paulista-4-150x150.png 150w, https:\/\/obraswantuildefreitas.com.br\/wp-content\/uploads\/2022\/01\/Nota-FIscal-Paulista-4-768x768.png 768w, https:\/\/obraswantuildefreitas.com.br\/wp-content\/uploads\/2022\/01\/Nota-FIscal-Paulista-4.png 1245w\" sizes=\"auto, (max-width: 1024px) 100vw, 1024px\" \/><\/figure>\n\n\n\n<h2 class=\"wp-block-heading alignwide has-text-align-center\">* <strong>Dep\u00f3sito em C\/C<\/strong>:<\/h2>\n\n\n\n<p class=\"has-text-align-center\"><em>Obras Sociais do Centro Esp\u00edrita Wantuil de Freitas<\/em> <\/p>\n\n\n\n<p class=\"has-text-align-center\"><em>CNPJ: 71.731.459\/0001-03<\/em><\/p>\n\n\n\n<p class=\"has-text-align-center\"><em><strong>Banco<\/strong> 341 &#8211; Ita\u00fa  &#8211;              <strong>Ag\u00eancia:<\/strong> 7781   &#8211;   <strong>Conta Corrente:<\/strong> 01333-4<\/em><\/p>\n\n\n\n<p><\/p>\n","protected":false},"excerpt":{"rendered":"<p>Escolha uma forma de ajudar: * Atrav\u00e9s de doa\u00e7\u00f5es por PIX : * Cadastrando nossa Entidade na Nota Fiscal Paulista<\/p>\n","protected":false},"author":2,"featured_media":0,"parent":0,"menu_order":0,"comment_status":"closed","ping_status":"closed","template":"","meta":{"footnotes":""},"class_list":["post-44","page","type-page","status-publish","hentry"],"_links":{"self":[{"href":"https:\/\/obraswantuildefreitas.com.br\/index.php?rest_route=\/wp\/v2\/pages\/44","targetHints":{"allow":["GET"]}}],"collection":[{"href":"https:\/\/obraswantuildefreitas.com.br\/index.php?rest_route=\/wp\/v2\/pages"}],"about":[{"href":"https:\/\/obraswantuildefreitas.com.br\/index.php?rest_route=\/wp\/v2\/types\/page"}],"author":[{"embeddable":true,"href":"https:\/\/obraswantuildefreitas.com.br\/index.php?rest_route=\/wp\/v2\/users\/2"}],"replies":[{"embeddable":true,"href":"https:\/\/obraswantuildefreitas.com.br\/index.php?rest_route=%2Fwp%2Fv2%2Fcomments&post=44"}],"version-history":[{"count":16,"href":"https:\/\/obraswantuildefreitas.com.br\/index.php?rest_route=\/wp\/v2\/pages\/44\/revisions"}],"predecessor-version":[{"id":285,"href":"https:\/\/obraswantuildefreitas.com.br\/index.php?rest_route=\/wp\/v2\/pages\/44\/revisions\/285"}],"wp:attachment":[{"href":"https:\/\/obraswantuildefreitas.com.br\/index.php?rest_route=%2Fwp%2Fv2%2Fmedia&parent=44"}],"curies":[{"name":"wp","href":"https:\/\/api.w.org\/{rel}","templated":true}]}}