{"id":309,"date":"2025-10-09T19:54:54","date_gmt":"2025-10-09T22:54:54","guid":{"rendered":"https:\/\/obraswantuildefreitas.com.br\/?page_id=309"},"modified":"2025-10-09T20:11:36","modified_gmt":"2025-10-09T23:11:36","slug":"2025-2","status":"publish","type":"page","link":"https:\/\/obraswantuildefreitas.com.br\/?page_id=309","title":{"rendered":"2025"},"content":{"rendered":"\n<p class=\"has-large-font-size\"><strong><em>Documentos:<\/em><\/strong><\/p>\n\n\n\n<ul class=\"wp-block-list\">\n<li><a href=\"https:\/\/obraswantuildefreitas.com.br\/upload\/2025\/Balan\u00e7o_2024.pdf\" target=\"_blank\" rel=\"noreferrer noopener\">Balan\u00e7o 2024<\/a><\/li>\n\n\n\n<li><a href=\"https:\/\/obraswantuildefreitas.com.br\/upload\/2025\/DRE_2024.pdf\" target=\"_blank\" rel=\"noreferrer noopener\">Demonstra\u00e7\u00e3o do Resultado do Exerc\u00edcio de 2024<\/a><\/li>\n<\/ul>\n\n\n\n<p class=\"has-large-font-size\"><strong><em>Presta\u00e7\u00f5es de Contas:<\/em><\/strong><\/p>\n\n\n\n<p class=\"has-medium-font-size\"><strong>Termo 09<\/strong><\/p>\n\n\n\n<ul class=\"wp-block-list\">\n<li><a href=\"https:\/\/obraswantuildefreitas.com.br\/upload\/2025\/T09 1 Colabora\u00e7\u00e3o 09 2025.pdf\" target=\"_blank\" rel=\"noreferrer noopener\">Termo de Colabora\u00e7\u00e3o<\/a><\/li>\n\n\n\n<li><a href=\"https:\/\/obraswantuildefreitas.com.br\/upload\/2025\/T09 1 PARC 01 DEMONSTRATIVO.pdf\" target=\"_blank\" rel=\"noreferrer noopener\">Parcela 01<\/a><\/li>\n\n\n\n<li><a href=\"https:\/\/obraswantuildefreitas.com.br\/upload\/2025\/T09 1 PARC 02 DEMONSTRATIVO.pdf\" target=\"_blank\" rel=\"noreferrer noopener\">Parcela 02<\/a><\/li>\n\n\n\n<li><a href=\"https:\/\/obraswantuildefreitas.com.br\/upload\/2025\/T09 1 PARC 03 DEMONSTRATIVO.pdf\" target=\"_blank\" rel=\"noreferrer noopener\">Parcela 03<\/a><\/li>\n\n\n\n<li><a href=\"https:\/\/obraswantuildefreitas.com.br\/upload\/2025\/T09 1 PARC 04 DEMONSTRATIVO.pdf\" target=\"_blank\" rel=\"noreferrer noopener\">Parcela 04<\/a><\/li>\n\n\n\n<li><a href=\"https:\/\/obraswantuildefreitas.com.br\/upload\/2025\/T09 1 PARC 05 DEMONSTRATIVO.pdf\" target=\"_blank\" rel=\"noreferrer noopener\">Parcela 05<\/a><\/li>\n\n\n\n<li><a href=\"https:\/\/obraswantuildefreitas.com.br\/upload\/2025\/T09 1 PARC 06 DEMONSTRATIVO.pdf\" target=\"_blank\" rel=\"noreferrer noopener\">Parcela 06<\/a><\/li>\n\n\n\n<li><a href=\"https:\/\/obraswantuildefreitas.com.br\/upload\/2025\/T09 2 Aditivo 09 2025.pdf\" target=\"_blank\" rel=\"noreferrer noopener\">Termo Aditivo <\/a><\/li>\n\n\n\n<li><a href=\"https:\/\/obraswantuildefreitas.com.br\/upload\/2025\/T09 2 PARC 01 DEMONSTRATIVO.pdf\" target=\"_blank\" rel=\"noreferrer noopener\">Parcela Aditivo 01<\/a><\/li>\n\n\n\n<li>Parcela Aditivo 02<\/li>\n\n\n\n<li>Parcela Aditivo 03<\/li>\n\n\n\n<li>Parcela Aditivo 04<\/li>\n\n\n\n<li>Parcela Aditivo 05<\/li>\n<\/ul>\n\n\n\n<p class=\"has-medium-font-size\"><strong>Termo 10<\/strong><\/p>\n\n\n\n<ul class=\"wp-block-list\">\n<li><a href=\"https:\/\/obraswantuildefreitas.com.br\/upload\/2025\/T10 1 Colabora\u00e7\u00e3o 10 2025.pdf\" target=\"_blank\" rel=\"noreferrer noopener\">Termo de Colabora\u00e7\u00e3o<\/a><\/li>\n\n\n\n<li><a href=\"https:\/\/obraswantuildefreitas.com.br\/upload\/2025\/T10 1 PARC 01 DEMONSTRATIVO.pdf\" target=\"_blank\" rel=\"noreferrer noopener\">Parcela 01<\/a><\/li>\n\n\n\n<li><a href=\"https:\/\/obraswantuildefreitas.com.br\/upload\/2025\/T10 1 PARC 02 DEMONSTRATIVO.pdf\" target=\"_blank\" rel=\"noreferrer noopener\">Parcela 02<\/a><\/li>\n\n\n\n<li><a href=\"https:\/\/obraswantuildefreitas.com.br\/upload\/2025\/T10 1 PARC 03 DEMONSTRATIVO.pdf\" target=\"_blank\" rel=\"noreferrer noopener\">Parcela 03<\/a><\/li>\n\n\n\n<li><a href=\"https:\/\/obraswantuildefreitas.com.br\/upload\/2025\/T10 1 PARC 04 DEMONSTRATIVO.pdf\" target=\"_blank\" rel=\"noreferrer noopener\">Parcela 04<\/a><\/li>\n\n\n\n<li><a href=\"https:\/\/obraswantuildefreitas.com.br\/upload\/2025\/T10 1 PARC 05 DEMONSTRATIVO.pdf\" target=\"_blank\" rel=\"noreferrer noopener\">Parcela 05<\/a><\/li>\n\n\n\n<li><a href=\"https:\/\/obraswantuildefreitas.com.br\/upload\/2025\/T10 1 PARC 06 DEMONSTRATIVO.pdf\" target=\"_blank\" rel=\"noreferrer noopener\">Parcela 06<\/a><\/li>\n\n\n\n<li><a href=\"https:\/\/obraswantuildefreitas.com.br\/upload\/2025\/T10 2 Aditivo 10 2025.pdf\" target=\"_blank\" rel=\"noreferrer noopener\">Termo Aditivo<\/a><a href=\"https:\/\/obraswantuildefreitas.com.br\/upload\/2025\/T10 2 Aditivo 09 2025.pdf\" target=\"_blank\" rel=\"noreferrer noopener\"> <\/a><\/li>\n\n\n\n<li><a href=\"https:\/\/obraswantuildefreitas.com.br\/upload\/2025\/T10 2 PARC 01 DEMONSTRATIVO.pdf\" target=\"_blank\" rel=\"noreferrer noopener\">Parcela Aditivo 01<\/a><\/li>\n\n\n\n<li>Parcela Aditivo 02<\/li>\n\n\n\n<li>Parcela Aditivo 03<\/li>\n\n\n\n<li>Parcela Aditivo 04<\/li>\n\n\n\n<li>Parcela Aditivo 05<\/li>\n<\/ul>\n","protected":false},"excerpt":{"rendered":"<p>Documentos: Presta\u00e7\u00f5es de Contas: Termo 09 Termo 10<\/p>\n","protected":false},"author":3,"featured_media":0,"parent":0,"menu_order":0,"comment_status":"closed","ping_status":"closed","template":"","meta":{"footnotes":""},"class_list":["post-309","page","type-page","status-publish","hentry"],"_links":{"self":[{"href":"https:\/\/obraswantuildefreitas.com.br\/index.php?rest_route=\/wp\/v2\/pages\/309","targetHints":{"allow":["GET"]}}],"collection":[{"href":"https:\/\/obraswantuildefreitas.com.br\/index.php?rest_route=\/wp\/v2\/pages"}],"about":[{"href":"https:\/\/obraswantuildefreitas.com.br\/index.php?rest_route=\/wp\/v2\/types\/page"}],"author":[{"embeddable":true,"href":"https:\/\/obraswantuildefreitas.com.br\/index.php?rest_route=\/wp\/v2\/users\/3"}],"replies":[{"embeddable":true,"href":"https:\/\/obraswantuildefreitas.com.br\/index.php?rest_route=%2Fwp%2Fv2%2Fcomments&post=309"}],"version-history":[{"count":6,"href":"https:\/\/obraswantuildefreitas.com.br\/index.php?rest_route=\/wp\/v2\/pages\/309\/revisions"}],"predecessor-version":[{"id":319,"href":"https:\/\/obraswantuildefreitas.com.br\/index.php?rest_route=\/wp\/v2\/pages\/309\/revisions\/319"}],"wp:attachment":[{"href":"https:\/\/obraswantuildefreitas.com.br\/index.php?rest_route=%2Fwp%2Fv2%2Fmedia&parent=309"}],"curies":[{"name":"wp","href":"https:\/\/api.w.org\/{rel}","templated":true}]}}