{"id":278,"date":"2024-03-25T19:29:16","date_gmt":"2024-03-25T22:29:16","guid":{"rendered":"https:\/\/obraswantuildefreitas.com.br\/?page_id=278"},"modified":"2025-10-09T19:18:07","modified_gmt":"2025-10-09T22:18:07","slug":"2024-2","status":"publish","type":"page","link":"https:\/\/obraswantuildefreitas.com.br\/?page_id=278","title":{"rendered":"2024"},"content":{"rendered":"\n<p class=\"has-large-font-size\"><strong><em>Documentos:<\/em><\/strong><\/p>\n\n\n\n<ul class=\"wp-block-list\">\n<li><a href=\"https:\/\/obraswantuildefreitas.com.br\/upload\/2024\/2024-03-28 EDITAL_CONVOCA\u00c7\u00c3O_Presta\u00e7\u00e3o_de_Contas.pdf\" target=\"_blank\" rel=\"noreferrer noopener\">Edital de Convoca\u00e7\u00e3o &#8211; Pauta Presta\u00e7\u00e3o de Contas &#8211; Dia 28\/03\/2024<\/a><\/li>\n\n\n\n<li><a href=\"https:\/\/obraswantuildefreitas.com.br\/upload\/2024\/Balan\u00e7o_2023 .pdf\" target=\"_blank\" rel=\"noreferrer noopener\">Balan\u00e7o 2023<\/a><\/li>\n\n\n\n<li><a href=\"https:\/\/obraswantuildefreitas.com.br\/upload\/2024\/DRE_2023 .pdf\" target=\"_blank\" rel=\"noreferrer noopener\">Demonstra\u00e7\u00e3o do Resultado do Exerc\u00edcio de 2023<\/a><\/li>\n\n\n\n<li><a href=\"https:\/\/obraswantuildefreitas.com.br\/upload\/2024\/Notas_explicativas_2023.pdf\" target=\"_blank\" rel=\"noreferrer noopener\">Notas Explicativas 2023<\/a><\/li>\n<\/ul>\n\n\n\n<p><\/p>\n\n\n\n<p class=\"has-large-font-size\"><strong><em>Presta\u00e7\u00f5es de Contas:<\/em><\/strong><\/p>\n\n\n\n<p class=\"has-medium-font-size\"><strong>Termo 08<\/strong><\/p>\n\n\n\n<ul class=\"wp-block-list\">\n<li><a href=\"https:\/\/obraswantuildefreitas.com.br\/upload\/2024\/T08 Colabora\u00e7\u00e3o 08 2024.pdf\" target=\"_blank\" rel=\"noreferrer noopener\">Termo de Colabora\u00e7\u00e3o<\/a><\/li>\n\n\n\n<li><a href=\"https:\/\/obraswantuildefreitas.com.br\/upload\/2024\/T08 PARC 01 DEMONSTRATIVO.pdf\" target=\"_blank\" rel=\"noreferrer noopener\">Parcela 01<\/a><\/li>\n\n\n\n<li><a href=\"https:\/\/obraswantuildefreitas.com.br\/upload\/2024\/T08 PARC 02 DEMONSTRATIVO.pdf\" target=\"_blank\" rel=\"noreferrer noopener\">Parcela 02<\/a><\/li>\n\n\n\n<li><a href=\"https:\/\/obraswantuildefreitas.com.br\/upload\/2024\/T08 PARC 03 DEMONSTRATIVO.pdf\" target=\"_blank\" rel=\"noreferrer noopener\">Parcela 03<\/a><\/li>\n\n\n\n<li><a href=\"https:\/\/obraswantuildefreitas.com.br\/upload\/2024\/T08 PARC 04 DEMONSTRATIVO.pdf\" target=\"_blank\" rel=\"noreferrer noopener\">Parcela 04<\/a><\/li>\n\n\n\n<li><a href=\"https:\/\/obraswantuildefreitas.com.br\/upload\/2024\/T08 PARC 05 DEMONSTRATIVO.pdf\" target=\"_blank\" rel=\"noreferrer noopener\">Parcela 05<\/a><\/li>\n\n\n\n<li><a href=\"https:\/\/obraswantuildefreitas.com.br\/upload\/2024\/T08 PARC 06 DEMONSTRATIVO.pdf\" target=\"_blank\" rel=\"noreferrer noopener\">Parcela 06<\/a><\/li>\n\n\n\n<li><a href=\"https:\/\/obraswantuildefreitas.com.br\/upload\/2024\/T08 PARC 07 DEMONSTRATIVO.pdf\" target=\"_blank\" rel=\"noreferrer noopener\">Parcela 07<\/a><\/li>\n\n\n\n<li><a href=\"https:\/\/obraswantuildefreitas.com.br\/upload\/2024\/T08 PARC 08 DEMONSTRATIVO.pdf\" target=\"_blank\" rel=\"noreferrer noopener\">Parcela 08<\/a><\/li>\n\n\n\n<li><a href=\"https:\/\/obraswantuildefreitas.com.br\/upload\/2024\/T08 PARC 09 DEMONSTRATIVO.pdf\" target=\"_blank\" rel=\"noreferrer noopener\">Parcela 09<\/a><\/li>\n\n\n\n<li><a href=\"https:\/\/obraswantuildefreitas.com.br\/upload\/2024\/T08 PARC 10 DEMONSTRATIVO.pdf\" target=\"_blank\" rel=\"noreferrer noopener\">Parcela 10<\/a><\/li>\n\n\n\n<li><a href=\"https:\/\/obraswantuildefreitas.com.br\/upload\/2024\/T08 PARC 11 DEMONSTRATIVO.pdf\" target=\"_blank\" rel=\"noreferrer noopener\">Parcela 11<\/a><\/li>\n\n\n\n<li><a href=\"https:\/\/obraswantuildefreitas.com.br\/upload\/2024\/T08 PARC 12 DEMONSTRATIVO.pdf\" target=\"_blank\" rel=\"noreferrer noopener\">Parcela 12<\/a><\/li>\n<\/ul>\n\n\n\n<p class=\"has-medium-font-size\"><strong>Termo 09<\/strong><\/p>\n\n\n\n<ul class=\"wp-block-list\">\n<li><a href=\"https:\/\/obraswantuildefreitas.com.br\/upload\/2024\/T09 Colabora\u00e7\u00e3o 09 2024.pdf\" target=\"_blank\" rel=\"noreferrer noopener\">Termo de Colabora\u00e7\u00e3o<\/a><\/li>\n\n\n\n<li><a href=\"https:\/\/obraswantuildefreitas.com.br\/upload\/2024\/T09 PARC 01 DEMONSTRATIVO.pdf\" target=\"_blank\" rel=\"noreferrer noopener\">Parcela 01<\/a><\/li>\n\n\n\n<li><a href=\"https:\/\/obraswantuildefreitas.com.br\/upload\/2024\/T09 PARC 02 DEMONSTRATIVO.pdf\" target=\"_blank\" rel=\"noreferrer noopener\">Parcela 02<\/a><\/li>\n\n\n\n<li><a href=\"https:\/\/obraswantuildefreitas.com.br\/upload\/2024\/T09 PARC 03 DEMONSTRATIVO.pdf\" target=\"_blank\" rel=\"noreferrer noopener\">Parcela 03<\/a><\/li>\n\n\n\n<li><a href=\"https:\/\/obraswantuildefreitas.com.br\/upload\/2024\/T09 PARC 04 DEMONSTRATIVO.pdf\" target=\"_blank\" rel=\"noreferrer noopener\">Parcela 04<\/a><\/li>\n\n\n\n<li><a href=\"https:\/\/obraswantuildefreitas.com.br\/upload\/2024\/T09 PARC 05 DEMONSTRATIVO.pdf\" target=\"_blank\" rel=\"noreferrer noopener\">Parcela 05<\/a><\/li>\n\n\n\n<li><a href=\"https:\/\/obraswantuildefreitas.com.br\/upload\/2024\/T09 PARC 06 DEMONSTRATIVO.pdf\" target=\"_blank\" rel=\"noreferrer noopener\">Parcela 06<\/a><\/li>\n\n\n\n<li><a href=\"https:\/\/obraswantuildefreitas.com.br\/upload\/2024\/T09 PARC 07 DEMONSTRATIVO.pdf\" target=\"_blank\" rel=\"noreferrer noopener\">Parcela 07<\/a><\/li>\n\n\n\n<li><a href=\"https:\/\/obraswantuildefreitas.com.br\/upload\/2024\/T09 PARC 08 DEMONSTRATIVO.pdf\" target=\"_blank\" rel=\"noreferrer noopener\">Parcela 08<\/a><\/li>\n\n\n\n<li><a href=\"https:\/\/obraswantuildefreitas.com.br\/upload\/2024\/T09 PARC 09 DEMONSTRATIVO.pdf\" target=\"_blank\" rel=\"noreferrer noopener\">Parcela 09<\/a><\/li>\n\n\n\n<li><a href=\"https:\/\/obraswantuildefreitas.com.br\/upload\/2024\/T09 PARC 10 DEMONSTRATIVO.pdf\" target=\"_blank\" rel=\"noreferrer noopener\">Parcela 10<\/a><\/li>\n\n\n\n<li><a href=\"https:\/\/obraswantuildefreitas.com.br\/upload\/2024\/T09 PARC 11 DEMONSTRATIVO.pdf\" target=\"_blank\" rel=\"noreferrer noopener\">Parcela 11<\/a><\/li>\n\n\n\n<li><a href=\"https:\/\/obraswantuildefreitas.com.br\/upload\/2024\/T09 PARC 12 DEMONSTRATIVO.pdf\" target=\"_blank\" rel=\"noreferrer noopener\">Parcela 12<\/a><\/li>\n<\/ul>\n\n\n\n<p><\/p>\n\n\n\n<p><\/p>\n\n\n\n<p><\/p>\n","protected":false},"excerpt":{"rendered":"<p>Documentos: Presta\u00e7\u00f5es de Contas: Termo 08 Termo 09<\/p>\n","protected":false},"author":3,"featured_media":0,"parent":0,"menu_order":0,"comment_status":"closed","ping_status":"closed","template":"","meta":{"footnotes":""},"class_list":["post-278","page","type-page","status-publish","hentry"],"_links":{"self":[{"href":"https:\/\/obraswantuildefreitas.com.br\/index.php?rest_route=\/wp\/v2\/pages\/278","targetHints":{"allow":["GET"]}}],"collection":[{"href":"https:\/\/obraswantuildefreitas.com.br\/index.php?rest_route=\/wp\/v2\/pages"}],"about":[{"href":"https:\/\/obraswantuildefreitas.com.br\/index.php?rest_route=\/wp\/v2\/types\/page"}],"author":[{"embeddable":true,"href":"https:\/\/obraswantuildefreitas.com.br\/index.php?rest_route=\/wp\/v2\/users\/3"}],"replies":[{"embeddable":true,"href":"https:\/\/obraswantuildefreitas.com.br\/index.php?rest_route=%2Fwp%2Fv2%2Fcomments&post=278"}],"version-history":[{"count":13,"href":"https:\/\/obraswantuildefreitas.com.br\/index.php?rest_route=\/wp\/v2\/pages\/278\/revisions"}],"predecessor-version":[{"id":308,"href":"https:\/\/obraswantuildefreitas.com.br\/index.php?rest_route=\/wp\/v2\/pages\/278\/revisions\/308"}],"wp:attachment":[{"href":"https:\/\/obraswantuildefreitas.com.br\/index.php?rest_route=%2Fwp%2Fv2%2Fmedia&parent=278"}],"curies":[{"name":"wp","href":"https:\/\/api.w.org\/{rel}","templated":true}]}}