{"id":160,"date":"2022-01-15T15:36:21","date_gmt":"2022-01-15T18:36:21","guid":{"rendered":"https:\/\/obraswantuildefreitas.com.br\/?page_id=160"},"modified":"2022-01-26T21:29:44","modified_gmt":"2022-01-27T00:29:44","slug":"2021-2","status":"publish","type":"page","link":"https:\/\/obraswantuildefreitas.com.br\/?page_id=160","title":{"rendered":"2021"},"content":{"rendered":"\n<h1 class=\"alignwide wp-block-heading\" id=\"documentos-2021\"><em><strong>Documentos 2021<\/strong><\/em><\/h1>\n\n\n\n<ul class=\"wp-block-list\"><li><a href=\"https:\/\/obraswantuildefreitas.com.br\/upload\/2021\/balan\u00e7o patrimonial 2020.pdf\">Balan\u00e7o Patrimonial 2020<\/a><\/li><li>Certificados CMDCA e CMAS<\/li><li><a href=\"https:\/\/obraswantuildefreitas.com.br\/upload\/2021\/DRE 2020.pdf\">DRE 2020<\/a><\/li><\/ul>\n\n\n\n<h4 class=\"alignwide wp-block-heading\" id=\"prestacoes-de-contas\"><strong><em>Presta\u00e7\u00f5es de Contas:<\/em><\/strong><\/h4>\n\n\n\n<h4 class=\"wp-block-heading\" id=\"termo\"><strong><em>Termo <\/em> 09<\/strong> <\/h4>\n\n\n\n<ul class=\"wp-block-list\"><li><a href=\"https:\/\/obraswantuildefreitas.com.br\/upload\/2021\/Termo 09 - 01 (2021).pdf\">Demonstrativo Parcela 01<\/a><\/li><li><a href=\"https:\/\/obraswantuildefreitas.com.br\/upload\/2021\/Termo 09 - 02 (2021).pdf\">Demonstrativo Parcela 02<\/a><\/li><li><a href=\"https:\/\/obraswantuildefreitas.com.br\/upload\/2021\/Termo 09 - 03 (2021).pdf\">Demonstrativo Parcela 03<\/a><\/li><li><a href=\"https:\/\/obraswantuildefreitas.com.br\/upload\/2021\/Termo 09 - 04 (2021).pdf\">Demonstrativo Parcela 04<\/a><\/li><li><a href=\"https:\/\/obraswantuildefreitas.com.br\/upload\/2021\/Termo 09 - 05 (2021).pdf\">Demonstrativo Parcela 05<\/a><\/li><li><a href=\"https:\/\/obraswantuildefreitas.com.br\/upload\/2021\/Termo 09 - 06 (2021).pdf\">Demonstrativo Parcela 06<\/a><\/li><li><a href=\"https:\/\/obraswantuildefreitas.com.br\/upload\/2021\/Termo 09 - 07 (2021).pdf\">Demonstrativo Parcela 07<\/a><\/li><li><a href=\"https:\/\/obraswantuildefreitas.com.br\/upload\/2021\/Termo 09 - 08 (2021).pdf\">Demonstrativo Parcela 08<\/a><\/li><li><a href=\"https:\/\/obraswantuildefreitas.com.br\/upload\/2021\/Termo 09 - 09 (2021).pdf\">Demonstrativo Parcela 09<\/a><\/li><li><a href=\"https:\/\/obraswantuildefreitas.com.br\/upload\/2021\/Termo 09 - 10 (2021).pdf\">Demonstrativo Parcela 10<\/a><\/li><li><a href=\"https:\/\/obraswantuildefreitas.com.br\/upload\/2021\/Termo 09 - 11 (2021).pdf\">Demonstrativo Parcela 11<\/a><\/li><\/ul>\n\n\n\n<p><\/p>\n\n\n\n<h4 class=\"wp-block-heading\" id=\"termo\"><strong><em>Termo 10 <\/em><\/strong><\/h4>\n\n\n\n<ul class=\"wp-block-list\"><li><a href=\"https:\/\/obraswantuildefreitas.com.br\/upload\/2021\/Termo 10 - 01 (2021).pdf\">Demonstrativo Parcela 01<\/a><\/li><li><a href=\"https:\/\/obraswantuildefreitas.com.br\/upload\/2021\/Termo 10 - 02 (2021).pdf\">Demonstrativo Parcela 02<\/a><\/li><li><a href=\"https:\/\/obraswantuildefreitas.com.br\/upload\/2021\/Termo 10 - 03 (2021).pdf\">Demonstrativo Parcela 03<\/a><\/li><li><a href=\"https:\/\/obraswantuildefreitas.com.br\/upload\/2021\/Termo 10 - 04 (2021).pdf\">Demonstrativo Parcela 04<\/a><\/li><li><a href=\"https:\/\/obraswantuildefreitas.com.br\/upload\/2021\/Termo 10 - 05 (2021).pdf\">Demonstrativo Parcela 05<\/a><\/li><li><a href=\"https:\/\/obraswantuildefreitas.com.br\/upload\/2021\/Termo 10 - 06 (2021).pdf\">Demonstrativo Parcela 06<\/a><\/li><li><a href=\"https:\/\/obraswantuildefreitas.com.br\/upload\/2021\/Termo 10 - 07 (2021).pdf\">Demonstrativo Parcela 07<\/a><\/li><li><a href=\"https:\/\/obraswantuildefreitas.com.br\/upload\/2021\/Termo 10 - 08 (2021).pdf\">Demonstrativo Parcela 08<\/a><\/li><li><a href=\"https:\/\/obraswantuildefreitas.com.br\/upload\/2021\/Termo 10 - 09 (2021).pdf\">Demonstrativo Parcela 09<\/a><\/li><li><a href=\"https:\/\/obraswantuildefreitas.com.br\/upload\/2021\/Termo 10 - 10 (2021).pdf\">Demonstrativo Parcela 10<\/a><\/li><li><a href=\"https:\/\/obraswantuildefreitas.com.br\/upload\/2021\/Termo 10 - 11 (2021).pdf\">Demonstrativo Parcela 11<\/a><\/li><\/ul>\n\n\n\n<p><\/p>\n\n\n\n<h4 class=\"wp-block-heading\" id=\"termo\"><strong><em>Termo 18 <\/em><\/strong><\/h4>\n\n\n\n<ul class=\"wp-block-list\"><li><a href=\"https:\/\/obraswantuildefreitas.com.br\/upload\/2021\/Termo 18 - 01 (2021).pdf\">Demonstrativo Parcela 01<\/a><\/li><li><a href=\"https:\/\/obraswantuildefreitas.com.br\/upload\/2021\/Termo 18 - 02 (2021).pdf\">Demonstrativo Parcela 02<\/a><\/li><li><a href=\"https:\/\/obraswantuildefreitas.com.br\/upload\/2021\/Termo 18 - 03 (2021).pdf\">Demonstrativo Parcela 03<\/a><\/li><li><a href=\"https:\/\/obraswantuildefreitas.com.br\/upload\/2021\/Termo 18 - 04 (2021).pdf\">Demonstrativo Parcela 04<\/a><\/li><li><a href=\"https:\/\/obraswantuildefreitas.com.br\/upload\/2021\/Termo 18 - 05 (2021).pdf\">Demonstrativo Parcela 05<\/a><\/li><li><a href=\"https:\/\/obraswantuildefreitas.com.br\/upload\/2021\/Termo 18 - 06 (2021).pdf\">Demonstrativo Parcela 06<\/a><\/li><li><a href=\"https:\/\/obraswantuildefreitas.com.br\/upload\/2021\/Termo 18 - 07 (2021).pdf\">Demonstrativo Parcela 07<\/a><\/li><li><a href=\"https:\/\/obraswantuildefreitas.com.br\/upload\/2021\/Termo 18 - 08 (2021).pdf\">Demonstrativo Parcela 08<\/a><\/li><li><a href=\"https:\/\/obraswantuildefreitas.com.br\/upload\/2021\/Termo 18 - 09 (2021).pdf\">Demonstrativo Parcela 09<\/a><\/li><li><a href=\"https:\/\/obraswantuildefreitas.com.br\/upload\/2021\/Termo 18 - 10 (2021).pdf\">Demonstrativo Parcela 10<\/a><\/li><li><a href=\"https:\/\/obraswantuildefreitas.com.br\/upload\/2021\/Termo 18 - 11 (2021).pdf\">Demonstrativo Parcela 11<\/a><\/li><li><a href=\"https:\/\/obraswantuildefreitas.com.br\/upload\/2021\/Termo 18 - 12 (2021).pdf\">Demonstrativo Parcela 12<\/a><\/li><\/ul>\n","protected":false},"excerpt":{"rendered":"<p>Documentos 2021 Balan\u00e7o Patrimonial 2020 Certificados CMDCA e CMAS DRE 2020 Presta\u00e7\u00f5es de Contas: Termo 09 Demonstrativo Parcela 01 Demonstrativo<\/p>\n","protected":false},"author":3,"featured_media":0,"parent":0,"menu_order":0,"comment_status":"closed","ping_status":"closed","template":"","meta":{"footnotes":""},"class_list":["post-160","page","type-page","status-publish","hentry"],"_links":{"self":[{"href":"https:\/\/obraswantuildefreitas.com.br\/index.php?rest_route=\/wp\/v2\/pages\/160","targetHints":{"allow":["GET"]}}],"collection":[{"href":"https:\/\/obraswantuildefreitas.com.br\/index.php?rest_route=\/wp\/v2\/pages"}],"about":[{"href":"https:\/\/obraswantuildefreitas.com.br\/index.php?rest_route=\/wp\/v2\/types\/page"}],"author":[{"embeddable":true,"href":"https:\/\/obraswantuildefreitas.com.br\/index.php?rest_route=\/wp\/v2\/users\/3"}],"replies":[{"embeddable":true,"href":"https:\/\/obraswantuildefreitas.com.br\/index.php?rest_route=%2Fwp%2Fv2%2Fcomments&post=160"}],"version-history":[{"count":3,"href":"https:\/\/obraswantuildefreitas.com.br\/index.php?rest_route=\/wp\/v2\/pages\/160\/revisions"}],"predecessor-version":[{"id":211,"href":"https:\/\/obraswantuildefreitas.com.br\/index.php?rest_route=\/wp\/v2\/pages\/160\/revisions\/211"}],"wp:attachment":[{"href":"https:\/\/obraswantuildefreitas.com.br\/index.php?rest_route=%2Fwp%2Fv2%2Fmedia&parent=160"}],"curies":[{"name":"wp","href":"https:\/\/api.w.org\/{rel}","templated":true}]}}