{"id":158,"date":"2022-01-15T15:34:48","date_gmt":"2022-01-15T18:34:48","guid":{"rendered":"https:\/\/obraswantuildefreitas.com.br\/?page_id=158"},"modified":"2022-01-28T22:05:39","modified_gmt":"2022-01-29T01:05:39","slug":"2020-2","status":"publish","type":"page","link":"https:\/\/obraswantuildefreitas.com.br\/?page_id=158","title":{"rendered":"2020"},"content":{"rendered":"\n<h1 class=\"alignwide wp-block-heading\" id=\"documentos-2020\"><strong><em>Documentos 2020<\/em><\/strong><\/h1>\n\n\n\n<ul class=\"wp-block-list\"><li><a href=\"https:\/\/obraswantuildefreitas.com.br\/upload\/2020\/balanc\u0327o patrimonial 2019.pdf\">Balan\u00e7o Patrimonial 2019<\/a><\/li><li><a href=\"https:\/\/obraswantuildefreitas.com.br\/upload\/2020\/Certificados CMDCA e CMAS.pdf\">Certificados CMDCA e CMAS<\/a><\/li><li><a href=\"https:\/\/obraswantuildefreitas.com.br\/upload\/2020\/CRCE.pdf\">Certificado de Regularidade Cadastral de Entidades \u2013 CRCE<\/a><\/li><li><a href=\"https:\/\/obraswantuildefreitas.com.br\/upload\/2020\/DRE 2019.pdf\">Demonstra\u00e7\u00e3o de Resultados do Exerc\u00edcio de 2019<\/a><\/li><li><a href=\"https:\/\/obraswantuildefreitas.com.br\/upload\/2020\/notas explicativas 2019.pdf\">Notas Explicativas<\/a><\/li><li><a href=\"https:\/\/obraswantuildefreitas.com.br\/upload\/2020\/Empregados Cargos e Sal\u00e1rios Outubro 2020.pdf\">Empregados Cargos e Sal\u00e1rios Outubro 2020<\/a><\/li><\/ul>\n\n\n\n<h4 class=\"alignwide wp-block-heading\" id=\"prestacoes-de-contas\"><strong><em>Presta\u00e7\u00f5es de Contas:<\/em><\/strong><\/h4>\n\n\n\n<h4 class=\"wp-block-heading\" id=\"termo-10\"><strong><em>Termo 10<\/em><\/strong><\/h4>\n\n\n\n<ul class=\"wp-block-list\"><li><a href=\"https:\/\/obraswantuildefreitas.com.br\/upload\/2020\/Demonstrativo - Termo 10 - parcela 001.pdf\">Demonstrativo Parcela 01<\/a><\/li><li><a href=\"https:\/\/obraswantuildefreitas.com.br\/upload\/2020\/Demonstrativo - Termo 10 - Parcela 002.pdf\">Demonstrativo Parcela 02<\/a><\/li><li><a href=\"https:\/\/obraswantuildefreitas.com.br\/upload\/2020\/Demonstrativo - Termo 10 - Parcela 003 correc\u0327a\u0303o.pdf\">Demonstrativo Parcela 03<\/a><\/li><li><a href=\"https:\/\/obraswantuildefreitas.com.br\/upload\/2020\/Demonstrativo - Termo 10 - Parcela 004.pdf\">Demonstrativo Parcela 04<\/a><\/li><li><a href=\"https:\/\/obraswantuildefreitas.com.br\/upload\/2020\/Demonstrativo - Termo 10 - Parcela 005.pdf\">Demonstrativo Parcela 05<\/a><\/li><li><a href=\"https:\/\/obraswantuildefreitas.com.br\/upload\/2020\/Demonstrativo - Termo 10 - Parcela 006.pdf\">Demonstrativo Parcela 06<\/a><\/li><li><a href=\"https:\/\/obraswantuildefreitas.com.br\/upload\/2020\/Demonstrativo - Termo 10 - Parcela 007.pdf\">Demonstrativo Parcela 07<\/a><\/li><li><a href=\"https:\/\/obraswantuildefreitas.com.br\/upload\/2020\/Demonstrativo - Termo 10 - Parcela 008.pdf\">Demonstrativo Parcela 08<\/a><\/li><li><a href=\"https:\/\/obraswantuildefreitas.com.br\/upload\/2020\/Demonstrativo - Termo 10 - Parcela 009.pdf\">Demonstrativo Parcela 09<\/a><\/li><li><a href=\"https:\/\/obraswantuildefreitas.com.br\/upload\/2020\/Demonstrativo - Termo 10 - Parcela 010.pdf\">Demonstrativo Parcela 10<\/a><\/li><li><a href=\"https:\/\/obraswantuildefreitas.com.br\/upload\/2020\/Demonstrativo - Termo 10 - Parcela 011.pdf\">Demonstrativo Parcela 11<\/a><\/li><li><a href=\"https:\/\/obraswantuildefreitas.com.br\/upload\/2020\/Demonstrativo - Termo 10 - Parcela 012.pdf\">Demonstrativo Parcela 12<\/a><\/li><\/ul>\n\n\n\n<p><\/p>\n\n\n\n<h4 class=\"wp-block-heading\" id=\"termo-11\"><strong><em>Termo 11<\/em><\/strong><\/h4>\n\n\n\n<ul class=\"wp-block-list\"><li><a href=\"https:\/\/obraswantuildefreitas.com.br\/upload\/2020\/Demonstrativo - Termo 11 - Parcela  001.pdf\">Demonstrativo Parcela 01<\/a><\/li><li><a href=\"https:\/\/obraswantuildefreitas.com.br\/upload\/2020\/Demonstrativo - Termo 11 - Parcela  002.pdf\">Demonstrativo Parcela 02<\/a><\/li><li><a href=\"https:\/\/obraswantuildefreitas.com.br\/upload\/2020\/Demonstrativo - Termo 11 - Parcela  003.pdf\">Demonstrativo Parcela 03<\/a><\/li><li><a href=\"https:\/\/obraswantuildefreitas.com.br\/upload\/2020\/Demonstrativo - Termo 11 - Parcela 004.pdf\">Demonstrativo Parcela 04<\/a><\/li><li><a href=\"https:\/\/obraswantuildefreitas.com.br\/upload\/2020\/Demonstrativo - Termo 11 - Parcela 005.pdf\">Demonstrativo Parcela 05<\/a><\/li><li><a href=\"https:\/\/obraswantuildefreitas.com.br\/upload\/2020\/Demonstrativo - Termo 11 - Parcela 006.pdf\">Demonstrativo Parcela 06<\/a><\/li><li><a href=\"https:\/\/obraswantuildefreitas.com.br\/upload\/2020\/Demonstrativo - Termo 11 - Parcela 007.pdf\">Demonstrativo Parcela 07<\/a><\/li><li><a href=\"https:\/\/obraswantuildefreitas.com.br\/upload\/2020\/Demonstrativo - Termo 11 - Parcela 008.pdf\">Demonstrativo Parcela 08<\/a><\/li><li><a href=\"https:\/\/obraswantuildefreitas.com.br\/upload\/2020\/Demonstrativo - Termo 11 - Parcela 009.pdf\">Demonstrativo Parcela 09<\/a><\/li><li><a href=\"https:\/\/obraswantuildefreitas.com.br\/upload\/2020\/Demonstrativo - Termo 11 - Parcela 010.pdf\">Demonstrativo Parcela 10<\/a><\/li><li><a href=\"https:\/\/obraswantuildefreitas.com.br\/upload\/2020\/Demonstrativo - Termo 11 - Parcela 011.pdf\">Demonstrativo Parcela 11<\/a><\/li><li><a href=\"https:\/\/obraswantuildefreitas.com.br\/upload\/2020\/Demonstrativo - Termo 11 - Parcela 012.pdf\">Demonstrativo Parcela 12<\/a><\/li><\/ul>\n\n\n\n<p><\/p>\n\n\n\n<h4 class=\"wp-block-heading\" id=\"termo-12\"><strong><em>Termo 12<\/em><\/strong><\/h4>\n\n\n\n<ul class=\"wp-block-list\"><li><a href=\"https:\/\/obraswantuildefreitas.com.br\/upload\/2020\/Demonstrativo - Termo 12 - Parcela 001.pdf\">Demonstrativo Parcela 01<\/a><\/li><li><a href=\"https:\/\/obraswantuildefreitas.com.br\/upload\/2020\/Demonstrativo - Termo 12 - Parcela 002.pdf\">Demonstrativo Parcela 02<\/a><\/li><li><a href=\"https:\/\/obraswantuildefreitas.com.br\/upload\/2020\/Demonstrativo - Termo 12 - Parcela 003.pdf\">Demonstrativo Parcela 03<\/a><\/li><li><a href=\"https:\/\/obraswantuildefreitas.com.br\/upload\/2020\/Demonstrativo - Termo 12 - Parcela 004.pdf\">Demonstrativo Parcela 04<\/a><\/li><li><a href=\"https:\/\/obraswantuildefreitas.com.br\/upload\/2020\/Demonstrativo - Termo 12 - Parcela 005.pdf\">Demonstrativo Parcela 05<\/a><\/li><li><a href=\"https:\/\/obraswantuildefreitas.com.br\/upload\/2020\/Demonstrativo - Termo 12 - Parcela 006.pdf\">Demonstrativo Parcela 06<\/a><\/li><li><a href=\"https:\/\/obraswantuildefreitas.com.br\/upload\/2020\/Demonstrativo - Termo 12 - Parcela 007.pdf\">Demonstrativo Parcela 07<\/a><\/li><li><a href=\"https:\/\/obraswantuildefreitas.com.br\/upload\/2020\/Demonstrativo - Termo 12 - Parcela 008.pdf\">Demonstrativo Parcela 08<\/a><\/li><li><a href=\"https:\/\/obraswantuildefreitas.com.br\/upload\/2020\/Demonstrativo - Termo 12 - Parcela 009.pdf\">Demonstrativo Parcela 09<\/a><\/li><li><a href=\"https:\/\/obraswantuildefreitas.com.br\/upload\/2020\/Demonstrativo - Termo 12 - Parcela 010.pdf\">Demonstrativo Parcela 10<\/a><\/li><li><a href=\"https:\/\/obraswantuildefreitas.com.br\/upload\/2020\/Demonstrativo - Termo 12 - Parcela 011.pdf\">Demonstrativo Parcela 11<\/a><\/li><li><a href=\"https:\/\/obraswantuildefreitas.com.br\/upload\/2020\/Demonstrativo - Termo 12 - Parcela 012.pdf\">Demonstrativo Parcela 12<\/a><\/li><\/ul>\n\n\n\n<p><\/p>\n\n\n\n<h4 class=\"wp-block-heading\" id=\"termo-12\"><strong><em>Termo 18<\/em><\/strong><\/h4>\n\n\n\n<ul class=\"wp-block-list\"><li><a href=\"https:\/\/obraswantuildefreitas.com.br\/upload\/2020\/Demonstrativo - Termo 18 - Anual.pdf\">Demonstrativo Parcela Anual<\/a><\/li><\/ul>\n\n\n\n<p><\/p>\n\n\n\n<p><\/p>\n","protected":false},"excerpt":{"rendered":"<p>Documentos 2020 Balan\u00e7o Patrimonial 2019 Certificados CMDCA e CMAS Certificado de Regularidade Cadastral de Entidades \u2013 CRCE Demonstra\u00e7\u00e3o de Resultados<\/p>\n","protected":false},"author":3,"featured_media":0,"parent":0,"menu_order":0,"comment_status":"closed","ping_status":"closed","template":"","meta":{"footnotes":""},"class_list":["post-158","page","type-page","status-publish","hentry"],"_links":{"self":[{"href":"https:\/\/obraswantuildefreitas.com.br\/index.php?rest_route=\/wp\/v2\/pages\/158","targetHints":{"allow":["GET"]}}],"collection":[{"href":"https:\/\/obraswantuildefreitas.com.br\/index.php?rest_route=\/wp\/v2\/pages"}],"about":[{"href":"https:\/\/obraswantuildefreitas.com.br\/index.php?rest_route=\/wp\/v2\/types\/page"}],"author":[{"embeddable":true,"href":"https:\/\/obraswantuildefreitas.com.br\/index.php?rest_route=\/wp\/v2\/users\/3"}],"replies":[{"embeddable":true,"href":"https:\/\/obraswantuildefreitas.com.br\/index.php?rest_route=%2Fwp%2Fv2%2Fcomments&post=158"}],"version-history":[{"count":12,"href":"https:\/\/obraswantuildefreitas.com.br\/index.php?rest_route=\/wp\/v2\/pages\/158\/revisions"}],"predecessor-version":[{"id":227,"href":"https:\/\/obraswantuildefreitas.com.br\/index.php?rest_route=\/wp\/v2\/pages\/158\/revisions\/227"}],"wp:attachment":[{"href":"https:\/\/obraswantuildefreitas.com.br\/index.php?rest_route=%2Fwp%2Fv2%2Fmedia&parent=158"}],"curies":[{"name":"wp","href":"https:\/\/api.w.org\/{rel}","templated":true}]}}